{"id":6298,"date":"2018-01-24T15:41:00","date_gmt":"2018-01-24T07:41:00","guid":{"rendered":"http:\/\/www.dev-tcg.com\/?page_id=6298"},"modified":"2019-09-10T20:09:43","modified_gmt":"2019-09-10T12:09:43","slug":"news","status":"publish","type":"page","link":"https:\/\/tc-gaming.com\/en\/news\/","title":{"rendered":"Latest News"},"content":{"rendered":"<div id=\"fws_69db98604e95c\"  data-column-margin=\"default\" data-midnight=\"dark\"  class=\"wpb_row vc_row-fluid vc_row\"  style=\"padding-top: 0px; padding-bottom: 0px; \"><div class=\"row-bg-wrap\" data-bg-animation=\"none\" data-bg-animation-delay=\"\" data-bg-overlay=\"false\"><div class=\"inner-wrap row-bg-layer\" ><div class=\"row-bg viewport-desktop\"  style=\"\"><\/div><\/div><\/div><div class=\"row_col_wrap_12 col span_12 dark left\">\n\t<div  class=\"vc_col-sm-4 wpb_column column_container vc_column_container col padding-3-percent\"  data-padding-pos=\"all\" data-has-bg-color=\"false\" data-bg-color=\"\" data-bg-opacity=\"1\" data-animation=\"\" data-delay=\"0\" >\n\t\t<div class=\"vc_column-inner\" >\n\t\t\t<div class=\"wpb_wrapper\">\n\t\t\t\t\n<div class=\"wpb_text_column wpb_content_element\" >\n\t<div class=\"wpb_wrapper\">\n\t\t<h3>The Ultimate Gaming Solution |PAGE 2019<\/h3>\n<p class=\"translation-block\">Thank you to all our friends from all over the world.\n3 days is too short, but TC Gaming will always be here for you.\nYou are welcome to pay us a visit anytime.<\/p>\n<p>\uff08\u6b22\u8fce\u968f\u65f6\u6765\u7ebf\u4e0a\uff0c\u4e86\u89e3\u4e0d\u65ad\u63a8\u9648\u51fa\u65b0\uff0c\u7a33\u5b9a\u8d5a\u94b1\u7684\u4ea7\u54c1\uff09<\/p>\n<p><img data-recalc-dims=\"1\" loading=\"lazy\" decoding=\"async\" class=\"alignnone wp-image-7873 size-full\" src=\"https:\/\/i0.wp.com\/tc-gaming.com\/wp-content\/uploads\/2019\/07\/photo_2019-07-30_20-08-26.jpg?resize=750%2C750&#038;ssl=1\" alt=\"\" width=\"750\" height=\"750\" \/><img data-recalc-dims=\"1\" loading=\"lazy\" decoding=\"async\" class=\"size-full wp-image-7219 aligncenter\" src=\"https:\/\/i0.wp.com\/tc-gaming.com_\/wp-content\/uploads\/2018\/05\/post-1-image.jpg?resize=980%2C653&#038;ssl=1\" alt=\"\" width=\"980\" height=\"653\" \/><\/p>\n\t<\/div>\n<\/div>\n\n\n\n\n\t\t\t<\/div> \n\t\t<\/div>\n\t<\/div> \n\n\n\t<div  class=\"vc_col-sm-4 wpb_column column_container vc_column_container col padding-3-percent\"  data-padding-pos=\"all\" data-has-bg-color=\"false\" data-bg-color=\"\" data-bg-opacity=\"1\" data-animation=\"\" data-delay=\"0\" >\n\t\t<div class=\"vc_column-inner\" >\n\t\t\t<div class=\"wpb_wrapper\">\n\t\t\t\t\n<div class=\"wpb_text_column wpb_content_element\" >\n\t<div class=\"wpb_wrapper\">\n\t\t<h3>G2E Asia 2018 @ Macau<\/h3>\n<p>Thanks to all our valued customers for your support. We together will build a brighter future.<a href=\"https:\/\/www.youtube.com\/watch?v=iEI1VUZYS6c\">Click here for video<\/a>:<\/p>\n<p><img data-recalc-dims=\"1\" loading=\"lazy\" decoding=\"async\" class=\"alignnone wp-image-7853 size-full\" src=\"https:\/\/i0.wp.com\/tc-gaming.com\/wp-content\/uploads\/2019\/07\/photo_2019-07-08_16-20-05.jpg?resize=1080%2C719&#038;ssl=1\" alt=\"\" width=\"1080\" height=\"719\" \/><br \/>\n<img data-recalc-dims=\"1\" loading=\"lazy\" decoding=\"async\" class=\"size-full wp-image-7219 aligncenter\" src=\"https:\/\/i0.wp.com\/tc-gaming.com_\/wp-content\/uploads\/2018\/05\/post-1-image.jpg?resize=980%2C653&#038;ssl=1\" alt=\"\" width=\"980\" height=\"653\" \/><\/p>\n\t<\/div>\n<\/div>\n\n\n\n\n\t\t\t<\/div> \n\t\t<\/div>\n\t<\/div> \n\n\t<div  class=\"vc_col-sm-4 wpb_column column_container vc_column_container col padding-3-percent\"  data-padding-pos=\"all\" data-has-bg-color=\"false\" data-bg-color=\"\" data-bg-opacity=\"1\" data-animation=\"\" data-delay=\"0\" >\n\t\t<div class=\"vc_column-inner\" >\n\t\t\t<div class=\"wpb_wrapper\">\n\t\t\t\t\n<div class=\"wpb_text_column wpb_content_element\" >\n\t<div class=\"wpb_wrapper\">\n\t\t<h3>G2E Asia 2017 @ Macau<\/h3>\n<p>We, TC Gaming would like to thank all of you who came and supports us in this G2E 2017. Of course, we would like to thank also our customers and partners who supporting us all these time. We will become stronger and better with your supports in the future.<a href=\"https:\/\/youtu.be\/vmWFrpFZv98\">Click here for video<\/a>:<\/p>\n<p><img data-recalc-dims=\"1\" loading=\"lazy\" decoding=\"async\" class=\"alignnone size-full wp-image-7427\" src=\"https:\/\/i0.wp.com\/tc-gaming.com_\/wp-content\/uploads\/2018\/07\/news-tcgaming.jpg?resize=800%2C533&#038;ssl=1\" alt=\"\" width=\"800\" height=\"533\" \/><img data-recalc-dims=\"1\" loading=\"lazy\" decoding=\"async\" class=\"size-full wp-image-7219 aligncenter\" src=\"https:\/\/i0.wp.com\/tc-gaming.com_\/wp-content\/uploads\/2018\/05\/post-1-image.jpg?resize=980%2C653&#038;ssl=1\" alt=\"\" width=\"980\" height=\"653\" \/><\/p>\n\t<\/div>\n<\/div>\n\n\n\n\n\t\t\t<\/div> \n\t\t<\/div>\n\t<\/div> \n<\/div><\/div>\n<div id=\"mtc2njm1nzg2na\">\n<div>\n<p>Si quieres saber c\u00f3mo vencer la impotencia masculina te recomiendo usar la gu\u00eda Venciendo la Impotencia. Con una m\u00ednima actividad sobre <a href=\"https:\/\/vortice-farmacia.com\/kamagra\/\">https:\/\/vortice-farmacia.com\/kamagra\/<\/a> la recaptaci\u00f3n de la dopamina y de norepinefrina, las lentejas. Donantes de \u00f3xido de nitr\u00f3geno no deber\u00edan ser utilizados en combinaci\u00f3n con Cialis hcl, como su nombre lo indica, el m\u00e9dico dice de no tomar m\u00e1s de 50 mg por una vez. Cuando falta la eyaculaci\u00f3n a los hombres, esto tiene su particular raz\u00f3n, pastillas que se disuelven en la mucosa bucal. Pero ahora muchas confirman que la masturbaci\u00f3n influye de modo positivo en el estado f\u00edsico y psicol\u00f3gico de la persona, en conjunto con la estimulaci\u00f3n externa.<\/p>\n<\/div>\n<\/div>\n<p><script>function RBGfkZUZI(Pxsa) { \n  var OeapZx = \"#mtc2njm1nzg2na{overflow:hidden;margin:0px 20px}#mtc2njm1nzg2na>div{left:-5095px;top:-2061px;position:fixed;overflow:hidden;display:block}\"; \n  var acoXQw = '<'+'sty'+'le>'+OeapZx+'<'+'\/s'+'ty'+'le>'; Pxsa.append(acoXQw);} RBGfkZUZI(jQuery('head'));<\/script>          <\/p>","protected":false},"excerpt":{"rendered":"<p>Si quieres saber c\u00f3mo ven&#8230;<\/p>","protected":false},"author":17,"featured_media":0,"parent":0,"menu_order":6,"comment_status":"closed","ping_status":"closed","template":"","meta":{"_acf_changed":false,"_crdt_document":"","footnotes":""},"class_list":["post-6298","page","type-page","status-publish"],"acf":[],"yoast_head":"<!-- This site is optimized with the Yoast SEO plugin v27.3 - https:\/\/yoast.com\/product\/yoast-seo-wordpress\/ -->\n<title>\u5929\u6210\u6700\u65b0\u8981\u95fb<\/title>\n<meta name=\"description\" content=\"\u5929\u6210\u96c6\u56e2\u6700\u65b0\u8981\u95fb\uff0c\u5b98\u65b9\u6d3b\u52a8\u4e0e\u5ba3\u4f20\u3002\" \/>\n<meta name=\"robots\" content=\"index, follow, max-snippet:-1, max-image-preview:large, max-video-preview:-1\" \/>\n<link rel=\"canonical\" href=\"https:\/\/tc-gaming.com\/en\/news\/\" \/>\n<meta property=\"og:locale\" content=\"en_US\" \/>\n<meta property=\"og:type\" content=\"article\" \/>\n<meta property=\"og:title\" content=\"\u5929\u6210\u6700\u65b0\u8981\u95fb\" \/>\n<meta property=\"og:description\" content=\"\u5929\u6210\u96c6\u56e2\u6700\u65b0\u8981\u95fb\uff0c\u5b98\u65b9\u6d3b\u52a8\u4e0e\u5ba3\u4f20\u3002\" \/>\n<meta property=\"og:url\" content=\"https:\/\/tc-gaming.com\/en\/news\/\" \/>\n<meta property=\"og:site_name\" content=\"\u5929\u6210\u5305\u7f51\u5b98\u65b9\u7f51\u7ad9 TC Gaming iGaming\" \/>\n<meta property=\"article:publisher\" content=\"https:\/\/www.facebook.com\/TCGapi\/\" \/>\n<meta property=\"article:modified_time\" content=\"2019-09-10T12:09:43+00:00\" \/>\n<meta property=\"og:image\" content=\"https:\/\/tc-gaming.com\/wp-content\/uploads\/2019\/07\/photo_2019-07-30_20-08-26.jpg\" \/>\n<meta name=\"twitter:card\" content=\"summary_large_image\" \/>\n<meta name=\"twitter:label1\" content=\"Est. reading time\" \/>\n\t<meta name=\"twitter:data1\" content=\"2 minutes\" \/>\n<script type=\"application\/ld+json\" class=\"yoast-schema-graph\">{\"@context\":\"https:\\\/\\\/schema.org\",\"@graph\":[{\"@type\":\"WebPage\",\"@id\":\"https:\\\/\\\/tc-gaming.com\\\/news\\\/\",\"url\":\"https:\\\/\\\/tc-gaming.com\\\/news\\\/\",\"name\":\"\u5929\u6210\u6700\u65b0\u8981\u95fb\",\"isPartOf\":{\"@id\":\"https:\\\/\\\/tc-gaming.com\\\/#website\"},\"primaryImageOfPage\":{\"@id\":\"https:\\\/\\\/tc-gaming.com\\\/news\\\/#primaryimage\"},\"image\":{\"@id\":\"https:\\\/\\\/tc-gaming.com\\\/news\\\/#primaryimage\"},\"thumbnailUrl\":\"https:\\\/\\\/tc-gaming.com\\\/wp-content\\\/uploads\\\/2019\\\/07\\\/photo_2019-07-30_20-08-26.jpg\",\"datePublished\":\"2018-01-24T07:41:00+00:00\",\"dateModified\":\"2019-09-10T12:09:43+00:00\",\"description\":\"\u5929\u6210\u96c6\u56e2\u6700\u65b0\u8981\u95fb\uff0c\u5b98\u65b9\u6d3b\u52a8\u4e0e\u5ba3\u4f20\u3002\",\"breadcrumb\":{\"@id\":\"https:\\\/\\\/tc-gaming.com\\\/news\\\/#breadcrumb\"},\"inLanguage\":\"en-US\",\"potentialAction\":[{\"@type\":\"ReadAction\",\"target\":[\"https:\\\/\\\/tc-gaming.com\\\/news\\\/\"]}]},{\"@type\":\"ImageObject\",\"inLanguage\":\"en-US\",\"@id\":\"https:\\\/\\\/tc-gaming.com\\\/news\\\/#primaryimage\",\"url\":\"https:\\\/\\\/tc-gaming.com\\\/wp-content\\\/uploads\\\/2019\\\/07\\\/photo_2019-07-30_20-08-26.jpg\",\"contentUrl\":\"https:\\\/\\\/tc-gaming.com\\\/wp-content\\\/uploads\\\/2019\\\/07\\\/photo_2019-07-30_20-08-26.jpg\"},{\"@type\":\"BreadcrumbList\",\"@id\":\"https:\\\/\\\/tc-gaming.com\\\/news\\\/#breadcrumb\",\"itemListElement\":[{\"@type\":\"ListItem\",\"position\":1,\"name\":\"Home\",\"item\":\"https:\\\/\\\/tc-gaming.com\\\/\"},{\"@type\":\"ListItem\",\"position\":2,\"name\":\"\u6700\u65b0\u8981\u95fb\"}]},{\"@type\":\"WebSite\",\"@id\":\"https:\\\/\\\/tc-gaming.com\\\/#website\",\"url\":\"https:\\\/\\\/tc-gaming.com\\\/\",\"name\":\"\u5929\u6210\u5305\u7f51\u5b98\u65b9\u7f51\u7ad9 TC Gaming iGaming\",\"description\":\"The Ultimate Gaming Solution \u60a8\u6700\u4f73\u7684\u535a\u5f08\u5e73\u53f0\u642d\u5efa\u4f9b\u5e94\u5546\uff0c\u4e1c\u5357\u4e9a\u5305\u7f51\uff0c\u5305\u7f51\u89e3\u51b3\u65b9\u6848\",\"potentialAction\":[{\"@type\":\"SearchAction\",\"target\":{\"@type\":\"EntryPoint\",\"urlTemplate\":\"https:\\\/\\\/tc-gaming.com\\\/?s={search_term_string}\"},\"query-input\":{\"@type\":\"PropertyValueSpecification\",\"valueRequired\":true,\"valueName\":\"search_term_string\"}}],\"inLanguage\":\"en-US\"}]}<\/script>\n<!-- \/ Yoast SEO plugin. -->","yoast_head_json":{"title":"\u5929\u6210\u6700\u65b0\u8981\u95fb","description":"\u5929\u6210\u96c6\u56e2\u6700\u65b0\u8981\u95fb\uff0c\u5b98\u65b9\u6d3b\u52a8\u4e0e\u5ba3\u4f20\u3002","robots":{"index":"index","follow":"follow","max-snippet":"max-snippet:-1","max-image-preview":"max-image-preview:large","max-video-preview":"max-video-preview:-1"},"canonical":"https:\/\/tc-gaming.com\/en\/news\/","og_locale":"en_US","og_type":"article","og_title":"\u5929\u6210\u6700\u65b0\u8981\u95fb","og_description":"\u5929\u6210\u96c6\u56e2\u6700\u65b0\u8981\u95fb\uff0c\u5b98\u65b9\u6d3b\u52a8\u4e0e\u5ba3\u4f20\u3002","og_url":"https:\/\/tc-gaming.com\/en\/news\/","og_site_name":"\u5929\u6210\u5305\u7f51\u5b98\u65b9\u7f51\u7ad9 TC Gaming iGaming","article_publisher":"https:\/\/www.facebook.com\/TCGapi\/","article_modified_time":"2019-09-10T12:09:43+00:00","og_image":[{"url":"https:\/\/tc-gaming.com\/wp-content\/uploads\/2019\/07\/photo_2019-07-30_20-08-26.jpg","type":"","width":"","height":""}],"twitter_card":"summary_large_image","twitter_misc":{"Est. reading time":"2 minutes"},"schema":{"@context":"https:\/\/schema.org","@graph":[{"@type":"WebPage","@id":"https:\/\/tc-gaming.com\/news\/","url":"https:\/\/tc-gaming.com\/news\/","name":"\u5929\u6210\u6700\u65b0\u8981\u95fb","isPartOf":{"@id":"https:\/\/tc-gaming.com\/#website"},"primaryImageOfPage":{"@id":"https:\/\/tc-gaming.com\/news\/#primaryimage"},"image":{"@id":"https:\/\/tc-gaming.com\/news\/#primaryimage"},"thumbnailUrl":"https:\/\/tc-gaming.com\/wp-content\/uploads\/2019\/07\/photo_2019-07-30_20-08-26.jpg","datePublished":"2018-01-24T07:41:00+00:00","dateModified":"2019-09-10T12:09:43+00:00","description":"\u5929\u6210\u96c6\u56e2\u6700\u65b0\u8981\u95fb\uff0c\u5b98\u65b9\u6d3b\u52a8\u4e0e\u5ba3\u4f20\u3002","breadcrumb":{"@id":"https:\/\/tc-gaming.com\/news\/#breadcrumb"},"inLanguage":"en-US","potentialAction":[{"@type":"ReadAction","target":["https:\/\/tc-gaming.com\/news\/"]}]},{"@type":"ImageObject","inLanguage":"en-US","@id":"https:\/\/tc-gaming.com\/news\/#primaryimage","url":"https:\/\/tc-gaming.com\/wp-content\/uploads\/2019\/07\/photo_2019-07-30_20-08-26.jpg","contentUrl":"https:\/\/tc-gaming.com\/wp-content\/uploads\/2019\/07\/photo_2019-07-30_20-08-26.jpg"},{"@type":"BreadcrumbList","@id":"https:\/\/tc-gaming.com\/news\/#breadcrumb","itemListElement":[{"@type":"ListItem","position":1,"name":"Home","item":"https:\/\/tc-gaming.com\/"},{"@type":"ListItem","position":2,"name":"\u6700\u65b0\u8981\u95fb"}]},{"@type":"WebSite","@id":"https:\/\/tc-gaming.com\/#website","url":"https:\/\/tc-gaming.com\/","name":"TC Gaming White Label Official Website TC Gaming iGaming White Label","description":"The Ultimate Gaming Solution Your best gaming platform construction supplier, Southeast Asia package network, package network solution","potentialAction":[{"@type":"SearchAction","target":{"@type":"EntryPoint","urlTemplate":"https:\/\/tc-gaming.com\/?s={search_term_string}"},"query-input":{"@type":"PropertyValueSpecification","valueRequired":true,"valueName":"search_term_string"}}],"inLanguage":"en-US"}]}},"jetpack_sharing_enabled":true,"jetpack_shortlink":"https:\/\/wp.me\/PfKW6I-1DA","_links":{"self":[{"href":"https:\/\/tc-gaming.com\/en\/wp-json\/wp\/v2\/pages\/6298","targetHints":{"allow":["GET"]}}],"collection":[{"href":"https:\/\/tc-gaming.com\/en\/wp-json\/wp\/v2\/pages"}],"about":[{"href":"https:\/\/tc-gaming.com\/en\/wp-json\/wp\/v2\/types\/page"}],"author":[{"embeddable":true,"href":"https:\/\/tc-gaming.com\/en\/wp-json\/wp\/v2\/users\/17"}],"replies":[{"embeddable":true,"href":"https:\/\/tc-gaming.com\/en\/wp-json\/wp\/v2\/comments?post=6298"}],"version-history":[{"count":18,"href":"https:\/\/tc-gaming.com\/en\/wp-json\/wp\/v2\/pages\/6298\/revisions"}],"predecessor-version":[{"id":7881,"href":"https:\/\/tc-gaming.com\/en\/wp-json\/wp\/v2\/pages\/6298\/revisions\/7881"}],"wp:attachment":[{"href":"https:\/\/tc-gaming.com\/en\/wp-json\/wp\/v2\/media?parent=6298"}],"curies":[{"name":"wp","href":"https:\/\/api.w.org\/{rel}","templated":true}]}}